{"id":993678,"date":"2023-03-16T13:53:41","date_gmt":"2023-03-16T13:53:41","guid":{"rendered":"https:\/\/triplayz.com\/chinh-sach-quyen-rieng-tu\/"},"modified":"2024-01-26T09:30:18","modified_gmt":"2024-01-26T09:30:18","slug":"chinh-sach-quyen-rieng-tu","status":"publish","type":"page","link":"https:\/\/triplayz.com\/vi\/chinh-sach-quyen-rieng-tu\/","title":{"rendered":"Ch\u00ednh s\u00e1ch Quy\u1ec1n ri\u00eang t\u01b0"},"content":{"rendered":"\t\t<div data-elementor-type=\"wp-page\" data-elementor-id=\"993678\" class=\"elementor elementor-993678 elementor-1648\" data-elementor-post-type=\"page\">\n\t\t\t\t\t\t<section class=\"elementor-section elementor-top-section elementor-element elementor-element-6c5644c elementor-section-boxed elementor-section-height-default elementor-section-height-default\" data-id=\"6c5644c\" data-element_type=\"section\">\n\t\t\t\t\t\t<div class=\"elementor-container elementor-column-gap-default\">\n\t\t\t\t\t<div class=\"elementor-column elementor-col-100 elementor-top-column elementor-element elementor-element-759c98e\" data-id=\"759c98e\" data-element_type=\"column\">\n\t\t\t<div class=\"elementor-widget-wrap elementor-element-populated\">\n\t\t\t\t\t\t<div class=\"elementor-element elementor-element-9af75f0 animated-slow elementor-invisible elementor-widget elementor-widget-heading\" data-id=\"9af75f0\" data-element_type=\"widget\" data-settings=\"{&quot;_animation&quot;:&quot;fadeIn&quot;,&quot;_animation_tablet&quot;:&quot;none&quot;}\" data-widget_type=\"heading.default\">\n\t\t\t\t<div class=\"elementor-widget-container\">\n\t\t\t<style>\/*! elementor - v3.22.0 - 26-06-2024 *\/\n.elementor-heading-title{padding:0;margin:0;line-height:1}.elementor-widget-heading .elementor-heading-title[class*=elementor-size-]>a{color:inherit;font-size:inherit;line-height:inherit}.elementor-widget-heading .elementor-heading-title.elementor-size-small{font-size:15px}.elementor-widget-heading .elementor-heading-title.elementor-size-medium{font-size:19px}.elementor-widget-heading .elementor-heading-title.elementor-size-large{font-size:29px}.elementor-widget-heading .elementor-heading-title.elementor-size-xl{font-size:39px}.elementor-widget-heading .elementor-heading-title.elementor-size-xxl{font-size:59px}<\/style><h1 class=\"elementor-heading-title elementor-size-default\">Ch\u00ednh s\u00e1ch Quy\u1ec1n ri\u00eang t\u01b0<\/h1>\t\t<\/div>\n\t\t\t\t<\/div>\n\t\t\t\t<div class=\"elementor-element elementor-element-88a728c animated-slow elementor-invisible elementor-widget elementor-widget-heading\" data-id=\"88a728c\" data-element_type=\"widget\" data-settings=\"{&quot;_animation&quot;:&quot;fadeIn&quot;,&quot;_animation_tablet&quot;:&quot;none&quot;,&quot;_animation_delay&quot;:300}\" data-widget_type=\"heading.default\">\n\t\t\t\t<div class=\"elementor-widget-container\">\n\t\t\t<p class=\"elementor-heading-title elementor-size-default\">cho C\u00f4ng ty TNHH Gi\u1ea3i ph\u00e1p C\u00f4ng ngh\u1ec7 TriPlayZ<\/p>\t\t<\/div>\n\t\t\t\t<\/div>\n\t\t\t\t<div class=\"elementor-element elementor-element-31a03c4 elementor-widget elementor-widget-spacer\" data-id=\"31a03c4\" data-element_type=\"widget\" data-widget_type=\"spacer.default\">\n\t\t\t\t<div class=\"elementor-widget-container\">\n\t\t\t<style>\/*! elementor - v3.22.0 - 26-06-2024 *\/\n.elementor-column .elementor-spacer-inner{height:var(--spacer-size)}.e-con{--container-widget-width:100%}.e-con-inner>.elementor-widget-spacer,.e-con>.elementor-widget-spacer{width:var(--container-widget-width,var(--spacer-size));--align-self:var(--container-widget-align-self,initial);--flex-shrink:0}.e-con-inner>.elementor-widget-spacer>.elementor-widget-container,.e-con>.elementor-widget-spacer>.elementor-widget-container{height:100%;width:100%}.e-con-inner>.elementor-widget-spacer>.elementor-widget-container>.elementor-spacer,.e-con>.elementor-widget-spacer>.elementor-widget-container>.elementor-spacer{height:100%}.e-con-inner>.elementor-widget-spacer>.elementor-widget-container>.elementor-spacer>.elementor-spacer-inner,.e-con>.elementor-widget-spacer>.elementor-widget-container>.elementor-spacer>.elementor-spacer-inner{height:var(--container-widget-height,var(--spacer-size))}.e-con-inner>.elementor-widget-spacer.elementor-widget-empty,.e-con>.elementor-widget-spacer.elementor-widget-empty{position:relative;min-height:22px;min-width:22px}.e-con-inner>.elementor-widget-spacer.elementor-widget-empty .elementor-widget-empty-icon,.e-con>.elementor-widget-spacer.elementor-widget-empty .elementor-widget-empty-icon{position:absolute;top:0;bottom:0;left:0;right:0;margin:auto;padding:0;width:22px;height:22px}<\/style>\t\t<div class=\"elementor-spacer\">\n\t\t\t<div class=\"elementor-spacer-inner\"><\/div>\n\t\t<\/div>\n\t\t\t\t<\/div>\n\t\t\t\t<\/div>\n\t\t\t\t\t<\/div>\n\t\t<\/div>\n\t\t\t\t\t<\/div>\n\t\t<\/section>\n\t\t\t\t<section class=\"elementor-section elementor-top-section elementor-element elementor-element-1fcb2d8 elementor-section-boxed elementor-section-height-default elementor-section-height-default\" data-id=\"1fcb2d8\" data-element_type=\"section\">\n\t\t\t\t\t\t<div class=\"elementor-container elementor-column-gap-no\">\n\t\t\t\t\t<div class=\"elementor-column elementor-col-100 elementor-top-column elementor-element elementor-element-5923213\" data-id=\"5923213\" data-element_type=\"column\">\n\t\t\t<div class=\"elementor-widget-wrap elementor-element-populated\">\n\t\t\t\t\t\t<div class=\"elementor-element elementor-element-6acf5a5 elementor-widget elementor-widget-heading\" data-id=\"6acf5a5\" data-element_type=\"widget\" data-widget_type=\"heading.default\">\n\t\t\t\t<div class=\"elementor-widget-container\">\n\t\t\t<h3 class=\"elementor-heading-title elementor-size-default\">Th\u00f4ng tin ch\u00fang t\u00f4i thu th\u1eadp<\/h3>\t\t<\/div>\n\t\t\t\t<\/div>\n\t\t\t\t<div class=\"elementor-element elementor-element-d10225c elementor-widget elementor-widget-text-editor\" data-id=\"d10225c\" data-element_type=\"widget\" data-widget_type=\"text-editor.default\">\n\t\t\t\t<div class=\"elementor-widget-container\">\n\t\t\t<style>\/*! elementor - v3.22.0 - 26-06-2024 *\/\n.elementor-widget-text-editor.elementor-drop-cap-view-stacked .elementor-drop-cap{background-color:#69727d;color:#fff}.elementor-widget-text-editor.elementor-drop-cap-view-framed .elementor-drop-cap{color:#69727d;border:3px solid;background-color:transparent}.elementor-widget-text-editor:not(.elementor-drop-cap-view-default) .elementor-drop-cap{margin-top:8px}.elementor-widget-text-editor:not(.elementor-drop-cap-view-default) .elementor-drop-cap-letter{width:1em;height:1em}.elementor-widget-text-editor .elementor-drop-cap{float:left;text-align:center;line-height:1;font-size:50px}.elementor-widget-text-editor .elementor-drop-cap-letter{display:inline-block}<\/style>\t\t\t\tKhi b\u1ea1n t\u01b0\u01a1ng t\u00e1c v\u1edbi ch\u00fang t\u00f4i, ch\u00fang t\u00f4i c\u00f3 th\u1ec3 thu th\u1eadp t\u00ean, \u0111\u1ecba ch\u1ec9, (c\u00e1c) \u0111\u1ecba ch\u1ec9 email, (c\u00e1c) s\u1ed1 \u0111i\u1ec7n tho\u1ea1i v\u00e0 ng\u00e0y sinh c\u1ee7a b\u1ea1n.\t\t\t\t\t\t<\/div>\n\t\t\t\t<\/div>\n\t\t\t\t<div class=\"elementor-element elementor-element-4a7087e elementor-widget elementor-widget-heading\" data-id=\"4a7087e\" data-element_type=\"widget\" data-widget_type=\"heading.default\">\n\t\t\t\t<div class=\"elementor-widget-container\">\n\t\t\t<h3 class=\"elementor-heading-title elementor-size-default\">C\u00e1ch ch\u00fang t\u00f4i thu th\u1eadp th\u00f4ng tin<\/h3>\t\t<\/div>\n\t\t\t\t<\/div>\n\t\t\t\t<div class=\"elementor-element elementor-element-ff17bec elementor-widget elementor-widget-text-editor\" data-id=\"ff17bec\" data-element_type=\"widget\" data-widget_type=\"text-editor.default\">\n\t\t\t\t<div class=\"elementor-widget-container\">\n\t\t\t\t\t\t\t<p>Ch\u00fang t\u00f4i c\u00f3 th\u1ec3 thu th\u1eadp th\u00f4ng tin v\u1ec1 b\u1ea1n b\u1ea5t c\u1ee9 khi n\u00e0o b\u1ea1n t\u01b0\u01a1ng t\u00e1c v\u1edbi ch\u00fang t\u00f4i. V\u00ed d\u1ee5: khi b\u1ea1n li\u00ean h\u1ec7 v\u1ec1 c\u00e1c ho\u1ea1t \u0111\u1ed9ng c\u1ee7a ch\u00fang t\u00f4i, \u0111\u0103ng k\u00fd l\u00e0m ng\u01b0\u1eddi \u1ee7ng h\u1ed9, g\u1eedi ho\u1eb7c nh\u1eadn th\u00f4ng tin ho\u1eb7c k\u00fd \u0111\u01a1n th\u1ec9nh c\u1ea7u, b\u1ea1n \u0111\u00e3 cung c\u1ea5p cho ch\u00fang t\u00f4i th\u00f4ng tin c\u00e1 nh\u00e2n c\u1ee7a b\u1ea1n m\u1ed9t c\u00e1ch c\u1ee5 th\u1ec3 v\u00e0 c\u00f3 ch\u1ee7 \u00fd. Ch\u00fang t\u00f4i c\u0169ng c\u00f3 th\u1ec3 nh\u1eadn th\u00f4ng tin v\u1ec1 b\u1ea1n t\u1eeb b\u00ean th\u1ee9 ba \u2013 nh\u01b0ng ch\u1ec9 khi b\u1ea1n cho ph\u00e9p h\u1ecd chia s\u1ebb th\u00f4ng tin c\u1ee7a b\u1ea1n.<\/p>\n\t\t\t\t\t\t<\/div>\n\t\t\t\t<\/div>\n\t\t\t\t<div class=\"elementor-element elementor-element-066c896 elementor-widget elementor-widget-heading\" data-id=\"066c896\" data-element_type=\"widget\" data-widget_type=\"heading.default\">\n\t\t\t\t<div class=\"elementor-widget-container\">\n\t\t\t<h3 class=\"elementor-heading-title elementor-size-default\">B\u1ea3o m\u1eadt<\/h3>\t\t<\/div>\n\t\t\t\t<\/div>\n\t\t\t\t<div class=\"elementor-element elementor-element-783a250 elementor-widget elementor-widget-text-editor\" data-id=\"783a250\" data-element_type=\"widget\" data-widget_type=\"text-editor.default\">\n\t\t\t\t<div class=\"elementor-widget-container\">\n\t\t\t\t\t\t\t<p>Ch\u00fang t\u00f4i s\u1ebd kh\u00f4ng ch\u1ecbu tr\u00e1ch nhi\u1ec7m v\u1ec1 quy\u1ec1n ri\u00eang t\u01b0 c\u1ee7a d\u1eef li\u1ec7u \u0111\u01b0\u1ee3c thu th\u1eadp b\u1edfi c\u00e1c trang web kh\u00f4ng do Charity s\u1edf h\u1eefu ho\u1eb7c qu\u1ea3n l\u00fd, bao g\u1ed3m c\u1ea3 nh\u1eefng trang \u0111\u01b0\u1ee3c li\u00ean k\u1ebft th\u00f4ng qua trang web c\u1ee7a ch\u00fang t\u00f4i.<\/p>\n\t\t\t\t\t\t<\/div>\n\t\t\t\t<\/div>\n\t\t\t\t<div class=\"elementor-element elementor-element-d40b075 elementor-widget elementor-widget-heading\" data-id=\"d40b075\" data-element_type=\"widget\" data-widget_type=\"heading.default\">\n\t\t\t\t<div class=\"elementor-widget-container\">\n\t\t\t<h3 class=\"elementor-heading-title elementor-size-default\">Khi\u1ebfu n\u1ea1i<\/h3>\t\t<\/div>\n\t\t\t\t<\/div>\n\t\t\t\t<div class=\"elementor-element elementor-element-9e1f706 elementor-widget elementor-widget-text-editor\" data-id=\"9e1f706\" data-element_type=\"widget\" data-widget_type=\"text-editor.default\">\n\t\t\t\t<div class=\"elementor-widget-container\">\n\t\t\t\t\t\t\t<p>N\u1ebfu b\u1ea1n kh\u00f4ng h\u00e0i l\u00f2ng v\u1edbi ph\u1ea3n h\u1ed3i, vui l\u00f2ng li\u00ean h\u1ec7 v\u1edbi ch\u00fang t\u00f4i theo \u0111\u1ecba ch\u1ec9 contact@triplayz.com k\u00e8m theo th\u00f4ng tin chi ti\u1ebft v\u1ec1 m\u1ed1i quan ng\u1ea1i c\u1ee7a b\u1ea1n. Ch\u00fang t\u00f4i s\u1ebd xem x\u00e9t khi\u1ebfu n\u1ea1i c\u1ee7a b\u1ea1n v\u00e0 \u0111i\u1ec1u tra xem li\u1ec7u c\u00e1c th\u1ee7 t\u1ee5c c\u00f3 \u0111\u01b0\u1ee3c tu\u00e2n th\u1ee7 hay kh\u00f4ng v\u00e0 ph\u1ea3n h\u1ed3i l\u1ea1i cho b\u1ea1n khi th\u00edch h\u1ee3p. Vi\u1ec7c ki\u1ec3m tra s\u1ebd ho\u00e0n th\u00e0nh trong v\u00f2ng 15 ng\u00e0y l\u00e0m vi\u1ec7c k\u1ec3 t\u1eeb khi nh\u1eadn \u0111\u01b0\u1ee3c khi\u1ebfu n\u1ea1i c\u1ee7a b\u1ea1n, tuy nhi\u00ean, m\u1ed9t s\u1ed1 tr\u01b0\u1eddng h\u1ee3p c\u00f3 th\u1ec3 m\u1ea5t nhi\u1ec1u th\u1eddi gian h\u01a1n. N\u1ebfu b\u1ea1n v\u1eabn ch\u01b0a h\u00e0i l\u00f2ng v\u1edbi c\u00e2u tr\u1ea3 l\u1eddi, b\u1ea1n c\u00f3 th\u1ec3 li\u00ean h\u1ec7 v\u1edbi ch\u00fang t\u00f4i.<\/p>\n\t\t\t\t\t\t<\/div>\n\t\t\t\t<\/div>\n\t\t\t\t\t<\/div>\n\t\t<\/div>\n\t\t\t\t\t<\/div>\n\t\t<\/section>\n\t\t\t\t<\/div>\n\t\t","protected":false},"excerpt":{"rendered":"<p>Ch\u00ednh s\u00e1ch Quy\u1ec1n ri\u00eang t\u01b0 cho C\u00f4ng ty TNHH Gi\u1ea3i ph\u00e1p C\u00f4ng ngh\u1ec7 TriPlayZ Th\u00f4ng tin ch\u00fang t\u00f4i thu th\u1eadp Khi b\u1ea1n t\u01b0\u01a1ng t\u00e1c v\u1edbi ch\u00fang t\u00f4i, ch\u00fang t\u00f4i c\u00f3 th\u1ec3 thu th\u1eadp t\u00ean, \u0111\u1ecba ch\u1ec9, (c\u00e1c) \u0111\u1ecba ch\u1ec9 email, (c\u00e1c) s\u1ed1 \u0111i\u1ec7n tho\u1ea1i v\u00e0 ng\u00e0y sinh c\u1ee7a b\u1ea1n. C\u00e1ch ch\u00fang t\u00f4i thu th\u1eadp th\u00f4ng&#8230;<\/p>\n","protected":false},"author":1,"featured_media":0,"parent":0,"menu_order":0,"comment_status":"closed","ping_status":"closed","template":"","meta":{"_monsterinsights_skip_tracking":false,"_monsterinsights_sitenote_active":false,"_monsterinsights_sitenote_note":"","_monsterinsights_sitenote_category":0,"_uf_show_specific_survey":0,"_uf_disable_surveys":false,"footnotes":""},"class_list":["post-993678","page","type-page","status-publish","hentry"],"_links":{"self":[{"href":"https:\/\/triplayz.com\/vi\/wp-json\/wp\/v2\/pages\/993678","targetHints":{"allow":["GET"]}}],"collection":[{"href":"https:\/\/triplayz.com\/vi\/wp-json\/wp\/v2\/pages"}],"about":[{"href":"https:\/\/triplayz.com\/vi\/wp-json\/wp\/v2\/types\/page"}],"author":[{"embeddable":true,"href":"https:\/\/triplayz.com\/vi\/wp-json\/wp\/v2\/users\/1"}],"replies":[{"embeddable":true,"href":"https:\/\/triplayz.com\/vi\/wp-json\/wp\/v2\/comments?post=993678"}],"version-history":[{"count":1,"href":"https:\/\/triplayz.com\/vi\/wp-json\/wp\/v2\/pages\/993678\/revisions"}],"predecessor-version":[{"id":993679,"href":"https:\/\/triplayz.com\/vi\/wp-json\/wp\/v2\/pages\/993678\/revisions\/993679"}],"wp:attachment":[{"href":"https:\/\/triplayz.com\/vi\/wp-json\/wp\/v2\/media?parent=993678"}],"curies":[{"name":"wp","href":"https:\/\/api.w.org\/{rel}","templated":true}]}}